{"id":33,"date":"2016-10-17T21:33:30","date_gmt":"2016-10-17T21:33:30","guid":{"rendered":"http:\/\/www.diechemiker.org\/V2\/?page_id=33"},"modified":"2025-10-17T13:25:52","modified_gmt":"2025-10-17T11:25:52","slug":"ufo","status":"publish","type":"page","link":"https:\/\/diechemiker.org\/?page_id=33","title":{"rendered":"UFO"},"content":{"rendered":"<p><img loading=\"lazy\" decoding=\"async\" class=\" wp-image-82 aligncenter\" src=\"http:\/\/www.diechemiker.org\/V2\/wp-content\/uploads\/2016\/10\/UFOTitelbildneu1-300x111.jpg\" alt=\"ufotitelbildneu1\" width=\"988\" height=\"366\" srcset=\"https:\/\/diechemiker.org\/wp-content\/uploads\/2016\/10\/UFOTitelbildneu1-300x111.jpg 300w, https:\/\/diechemiker.org\/wp-content\/uploads\/2016\/10\/UFOTitelbildneu1-768x284.jpg 768w, https:\/\/diechemiker.org\/wp-content\/uploads\/2016\/10\/UFOTitelbildneu1.jpg 851w\" sizes=\"auto, (max-width: 988px) 100vw, 988px\" \/><\/p>\n<h2 class=\"u3\">Wer oder was ist der UFO?<\/h2>\n<p>Der UFO ist ein Verein, dessen Ziel es ist, den Studierenden der Chemie, Pharmazie und der Molekularen Medizin das Studium zu erleichtern. Dazu verleiht er g\u00fcnstig B\u00fccher f\u00fcr ein ganzes Semester, verkauft Laborm\u00e4ntel und Schutzbrillen zu H\u00e4ndlerpreisen.<\/p>\n<h2 class=\"u3\">E-Mail:\u00a0<a class=\"oajrlxb2 g5ia77u1 qu0x051f esr5mh6w e9989ue4 r7d6kgcz rq0escxv nhd2j8a9 nc684nl6 p7hjln8o kvgmc6g5 cxmmr5t8 oygrvhab hcukyx3x jb3vyjys rz4wbd8a qt6c0cv9 a8nywdso i1ao9s8h esuyzwwr f1sip0of lzcic4wl py34i1dx gpro0wi8\" tabindex=\"0\" href=\"mailto:ufo.innsbruck@gmail.com\" target=\"_blank\" rel=\"noopener\">ufo.innsbruck@gmail.com<\/a><\/h2>\n<h2 class=\"u3\">\u00d6ffnungszeiten:<\/h2>\n<ul>\n<li>Unter dem Semester: Dienstag und Donnerstag von 11:00 &#8211; 13:00<\/li>\n<\/ul>\n<h2 class=\"u3\">System<\/h2>\n<p>Um B\u00fccher ausleihen zu k\u00f6nnen muss eine einmalige Registrierung im digitalisiertem System geschehen. Dazu werden einige pers\u00f6nliche Daten ben\u00f6tigt und eine einmalige Kaution ist erforderlich. Dies ist notwendig um eine R\u00fcckgabe der B\u00fccher gew\u00e4hrleisten zu k\u00f6nnen. Die Registrierung ist ausschlie\u00dflich pers\u00f6nlich zu den \u00d6ffnungszeiten m\u00f6glich. Sobald die Kaution eingetroffen ist, stehen alle Dienste des UFOs in vollem Umfang zur Verf\u00fcgung.<br \/>\nBeim Austritt aus dem UFO wird die Kaution nach der R\u00fcckgabe aller ausgeliehenen B\u00fccher selbstverst\u00e4ndlich wieder ausgezahlt.<\/p>\n<h2>Laborm\u00e4ntel und -brillen<\/h2>\n<p>Der Erwerb von Laborm\u00e4ntel und Laborbrillen ist zu den \u00d6ffnungszeiten auch ohne Registrierung m\u00f6glich.<br \/>\nDie Preisliste f\u00fcr das Sortiment lautet wie folgt:<\/p>\n<ul>\n<li>Brille Nestor: 6,00\u20ac<\/li>\n<li>Brille Raptor: 9,00\u20ac<\/li>\n<li>Brille Exor: 10,00\u20ac<\/li>\n<li>\u00dcberbrille Astor: 12,00\u20ac<\/li>\n<li>Labormantel: 25,00\u20ac<\/li>\n<li>Pinzette (Hygiene-Lab): 2,50\u20ac<\/li>\n<li>Morpho-Set: 10,00\u20ac<\/li>\n<\/ul>\n<p>Selbstverst\u00e4ndlich k\u00f6nnen alle Produkte im Vorhinein anprobiert werden.<\/p>\n<h2 class=\"u3\">Bankdaten<\/h2>\n<p>Die einmalige Kaution von 50,- \u20ac f\u00fcr das Ausleihen von B\u00fcchern ist auf folgendes Konto einzuzahlen:<\/p>\n<ul>\n<li><span class=\"b\">IBAN<\/span>: AT39 5700 0300 5339 2820<\/li>\n<li><span class=\"b\">BIC<\/span>: HYPTAT22<\/li>\n<li>Verwendungszweck: Name + Matrikelnr.<\/li>\n<\/ul>\n","protected":false},"excerpt":{"rendered":"<p>Wer oder was ist der UFO? Der UFO ist ein Verein, dessen Ziel es ist, den Studierenden der Chemie, Pharmazie und der Molekularen Medizin das Studium zu erleichtern. Dazu verleiht er g\u00fcnstig B\u00fccher f\u00fcr ein ganzes Semester, verkauft Laborm\u00e4ntel und Schutzbrillen zu H\u00e4ndlerpreisen. E-Mail:\u00a0ufo.innsbruck@gmail.com \u00d6ffnungszeiten: Unter dem Semester: Dienstag und Donnerstag von 11:00 &#8211; 13:00 [&hellip;]<\/p>\n","protected":false},"author":1,"featured_media":0,"parent":0,"menu_order":0,"comment_status":"closed","ping_status":"closed","template":"","meta":{"_bbp_topic_count":0,"_bbp_reply_count":0,"_bbp_total_topic_count":0,"_bbp_total_reply_count":0,"_bbp_voice_count":0,"_bbp_anonymous_reply_count":0,"_bbp_topic_count_hidden":0,"_bbp_reply_count_hidden":0,"_bbp_forum_subforum_count":0,"footnotes":""},"class_list":["post-33","page","type-page","status-publish","hentry"],"_links":{"self":[{"href":"https:\/\/diechemiker.org\/index.php?rest_route=\/wp\/v2\/pages\/33","targetHints":{"allow":["GET"]}}],"collection":[{"href":"https:\/\/diechemiker.org\/index.php?rest_route=\/wp\/v2\/pages"}],"about":[{"href":"https:\/\/diechemiker.org\/index.php?rest_route=\/wp\/v2\/types\/page"}],"author":[{"embeddable":true,"href":"https:\/\/diechemiker.org\/index.php?rest_route=\/wp\/v2\/users\/1"}],"replies":[{"embeddable":true,"href":"https:\/\/diechemiker.org\/index.php?rest_route=%2Fwp%2Fv2%2Fcomments&post=33"}],"version-history":[{"count":20,"href":"https:\/\/diechemiker.org\/index.php?rest_route=\/wp\/v2\/pages\/33\/revisions"}],"predecessor-version":[{"id":658,"href":"https:\/\/diechemiker.org\/index.php?rest_route=\/wp\/v2\/pages\/33\/revisions\/658"}],"wp:attachment":[{"href":"https:\/\/diechemiker.org\/index.php?rest_route=%2Fwp%2Fv2%2Fmedia&parent=33"}],"curies":[{"name":"wp","href":"https:\/\/api.w.org\/{rel}","templated":true}]}}