{"id":24,"date":"2016-10-17T21:23:43","date_gmt":"2016-10-17T21:23:43","guid":{"rendered":"http:\/\/www.diechemiker.org\/V2\/?page_id=24"},"modified":"2026-04-11T11:39:08","modified_gmt":"2026-04-11T09:39:08","slug":"wilkommen","status":"publish","type":"page","link":"https:\/\/diechemiker.org\/","title":{"rendered":"Willkommen"},"content":{"rendered":"<h2 class=\"u2\">Herzlich Willkommen auf unserer Homepage<\/h2>\n<p>Wir freuen uns euch unserer Homepage pr\u00e4sentieren zu d\u00fcrfen. Ihr findet auf unserer Homepage alle relevanten und wichtigen Infos zum Chemie-Studium und alles was so dazu geh\u00f6rt (UFO, Jungchemiker etc.).<\/p>\n<p>Da unsere Seite sicherlich noch nicht komplett ist und noch ein, zwei Anf\u00e4ngerfehler zu finden sind, w\u00fcrden wir uns w\u00fcnschen wenn ihr uns eure W\u00fcnsche, unsere Fehler etc. immer gleich mitteilt. Nur so wird diese Seite auch das was es ist: Eine Seite von ChemikerInnen f\u00fcr ChemikerInnen!<\/p>\n<p>Wir w\u00fcnschen euch viel Spa\u00df mit der neuen Homepage. Vielen Dank und LG<br \/>Eure StV Chemie<\/p>\n<h2 class=\"u2\">\u00a0<\/h2>\n<hr \/>\n<h2 class=\"u2\">\u00d6H Wahlen 2025 Endergebnisse<\/h2>\n<h3 class=\"u2\">Endergebnis StV Chemie\/MatNano<\/h3>\n<p>Es wurden 197 Stimmen abgegeben, davon 188 g\u00fcltige:<\/p>\n<table>\n<tbody>\n<tr>\n<th>KanditatInnen<\/th>\n<th>Mandat<\/th>\n<\/tr>\n<tr>\n<td>1. Studer Chiara Anna-Lena (146 Stimmen)<\/td>\n<td>Ja<\/td>\n<\/tr>\n<tr>\n<td>2. Rubisoier Tobias Christian (117 Stimmen)<\/td>\n<td>Ja<\/td>\n<\/tr>\n<tr>\n<td>3. Schoffen Alexander\u00a0 (126 Stimmen)<\/td>\n<td>Ja<\/td>\n<\/tr>\n<tr>\n<td>4. Hefele Martin Josef (111 Stimmen)<\/td>\n<td>Ja<\/td>\n<\/tr>\n<tr>\n<td>5. Berens Sascha (120 Stimmen)<\/td>\n<td>Ja<\/td>\n<\/tr>\n<\/tbody>\n<\/table>\n<p><img loading=\"lazy\" decoding=\"async\" class=\"aligncenter wp-image-651\" src=\"https:\/\/diechemiker.org\/wp-content\/uploads\/2025\/07\/STV25-300x225.jpg\" alt=\"\" width=\"757\" height=\"568\" srcset=\"https:\/\/diechemiker.org\/wp-content\/uploads\/2025\/07\/STV25-300x225.jpg 300w, https:\/\/diechemiker.org\/wp-content\/uploads\/2025\/07\/STV25-1024x768.jpg 1024w, https:\/\/diechemiker.org\/wp-content\/uploads\/2025\/07\/STV25-768x576.jpg 768w, https:\/\/diechemiker.org\/wp-content\/uploads\/2025\/07\/STV25-1536x1152.jpg 1536w, https:\/\/diechemiker.org\/wp-content\/uploads\/2025\/07\/STV25-2048x1536.jpg 2048w\" sizes=\"auto, (max-width: 757px) 100vw, 757px\" \/><\/p>\n<hr \/>\n\n\n<h3 class=\"wp-block-heading\">Endergebnis StV Doktorat\/PhD NatWi-Innrain<\/h3>\n\n\n\n<p>Es wurden 88 Stimmen abgegeben, davon 80 g\u00fcltige:<\/p>\n\n\n\n<figure class=\"wp-block-table\"><table class=\"has-fixed-layout\"><tbody><tr><th>KanditatInnen<\/th><th>Mandat<\/th><\/tr><tr><td>1. Huter Konstantin (41 Stimmen)<\/td><td>Ja<\/td><\/tr><tr><td>2. Freyer Paul Henri (39 Stimmen)<\/td><td>Ja<\/td><\/tr><\/tbody><\/table><\/figure>\n","protected":false},"excerpt":{"rendered":"<p>Herzlich Willkommen auf unserer Homepage Wir freuen uns euch unserer Homepage pr\u00e4sentieren zu d\u00fcrfen. Ihr findet auf unserer Homepage alle relevanten und wichtigen Infos zum Chemie-Studium und alles was so dazu geh\u00f6rt (UFO, Jungchemiker etc.). Da unsere Seite sicherlich noch nicht komplett ist und noch ein, zwei Anf\u00e4ngerfehler zu finden sind, w\u00fcrden wir uns w\u00fcnschen [&hellip;]<\/p>\n","protected":false},"author":1,"featured_media":0,"parent":0,"menu_order":0,"comment_status":"closed","ping_status":"closed","template":"","meta":{"_bbp_topic_count":0,"_bbp_reply_count":0,"_bbp_total_topic_count":0,"_bbp_total_reply_count":0,"_bbp_voice_count":0,"_bbp_anonymous_reply_count":0,"_bbp_topic_count_hidden":0,"_bbp_reply_count_hidden":0,"_bbp_forum_subforum_count":0,"footnotes":""},"class_list":["post-24","page","type-page","status-publish","hentry"],"_links":{"self":[{"href":"https:\/\/diechemiker.org\/index.php?rest_route=\/wp\/v2\/pages\/24","targetHints":{"allow":["GET"]}}],"collection":[{"href":"https:\/\/diechemiker.org\/index.php?rest_route=\/wp\/v2\/pages"}],"about":[{"href":"https:\/\/diechemiker.org\/index.php?rest_route=\/wp\/v2\/types\/page"}],"author":[{"embeddable":true,"href":"https:\/\/diechemiker.org\/index.php?rest_route=\/wp\/v2\/users\/1"}],"replies":[{"embeddable":true,"href":"https:\/\/diechemiker.org\/index.php?rest_route=%2Fwp%2Fv2%2Fcomments&post=24"}],"version-history":[{"count":65,"href":"https:\/\/diechemiker.org\/index.php?rest_route=\/wp\/v2\/pages\/24\/revisions"}],"predecessor-version":[{"id":672,"href":"https:\/\/diechemiker.org\/index.php?rest_route=\/wp\/v2\/pages\/24\/revisions\/672"}],"wp:attachment":[{"href":"https:\/\/diechemiker.org\/index.php?rest_route=%2Fwp%2Fv2%2Fmedia&parent=24"}],"curies":[{"name":"wp","href":"https:\/\/api.w.org\/{rel}","templated":true}]}}