{"id":232,"date":"2016-11-25T11:55:02","date_gmt":"2016-11-25T09:55:02","guid":{"rendered":"http:\/\/www.diechemiker.org\/V2\/?page_id=232"},"modified":"2016-11-30T17:02:48","modified_gmt":"2016-11-30T15:02:48","slug":"master-chemie","status":"publish","type":"page","link":"https:\/\/diechemiker.org\/?page_id=232","title":{"rendered":"Master Chemie"},"content":{"rendered":"<p>Das Masterstudium ist Basis f\u00fcr den Einstieg in die chemische Berufswelt \u00a0in Forschung, Technik, Industrie, Umwelt und chemierelevanten beh\u00f6rdlichen T\u00e4tigkeitsfeldern. Die AbsolventInnen des Studiums sind bef\u00e4higt, wissenschaftliche Forschung in den chemischen F\u00e4chern selbstst\u00e4ndig und in leitender Funktion durchzuf\u00fchren sowie diese erworbenen Kompetenzen fach\u00fcbergreifend f\u00fcr die L\u00f6sung chemischer Fragestellungen einzusetzen.<\/p>\n<p>Das\u00a0<strong><a href=\"https:\/\/www.uibk.ac.at\/fakultaeten-servicestelle\/pruefungsreferate\/gesamtfassung\/ma-chemie_stand-01.10.2016.pdf\" target=\"_blank\">Curriculum<\/a><\/strong>\u00a0ist die rechtliche Grundlage f\u00fcrs Studium und beinhaltet alles LV\u2019s sowie die Voraussetzungen.<\/p>\n<p>Bei der Planung eures Studiums ist unbedingt darauf zu achten, dass einige Praktika\u00a0nur j\u00e4hrlich angeboten werden. Dies k\u00f6nnt ihr der Beschreibung der jeweiligen Lehrveranstaltung im <a href=\"https:\/\/lfuonline.uibk.ac.at\/public\/lfuonline.home\" target=\"_blank\">LFU-Online<\/a> entnehmen.<\/p>\n<p>In dieser \u00dcbersicht findet ihr den empfohlenen Studienverlauf, mit Beginn im Wintersemester.<\/p>\n<p><a href=\"http:\/\/www.diechemiker.org\/V2\/wp-content\/uploads\/2016\/11\/studienverlauf-ma-chemie.png\"><img loading=\"lazy\" decoding=\"async\" class=\"size-full wp-image-234 aligncenter\" src=\"http:\/\/www.diechemiker.org\/V2\/wp-content\/uploads\/2016\/11\/studienverlauf-ma-chemie.png\" alt=\"studienverlauf-ma-chemie\" width=\"600\" height=\"263\" srcset=\"https:\/\/diechemiker.org\/wp-content\/uploads\/2016\/11\/studienverlauf-ma-chemie.png 600w, https:\/\/diechemiker.org\/wp-content\/uploads\/2016\/11\/studienverlauf-ma-chemie-300x132.png 300w\" sizes=\"auto, (max-width: 600px) 100vw, 600px\" \/><\/a><\/p>\n","protected":false},"excerpt":{"rendered":"<p>Das Masterstudium ist Basis f\u00fcr den Einstieg in die chemische Berufswelt \u00a0in Forschung, Technik, Industrie, Umwelt und chemierelevanten beh\u00f6rdlichen T\u00e4tigkeitsfeldern. Die AbsolventInnen des Studiums sind bef\u00e4higt, wissenschaftliche Forschung in den chemischen F\u00e4chern selbstst\u00e4ndig und in leitender Funktion durchzuf\u00fchren sowie diese erworbenen Kompetenzen fach\u00fcbergreifend f\u00fcr die L\u00f6sung chemischer Fragestellungen einzusetzen. Das\u00a0Curriculum\u00a0ist die rechtliche Grundlage f\u00fcrs Studium [&hellip;]<\/p>\n","protected":false},"author":1,"featured_media":0,"parent":0,"menu_order":0,"comment_status":"closed","ping_status":"closed","template":"","meta":{"_bbp_topic_count":0,"_bbp_reply_count":0,"_bbp_total_topic_count":0,"_bbp_total_reply_count":0,"_bbp_voice_count":0,"_bbp_anonymous_reply_count":0,"_bbp_topic_count_hidden":0,"_bbp_reply_count_hidden":0,"_bbp_forum_subforum_count":0,"footnotes":""},"class_list":["post-232","page","type-page","status-publish","hentry"],"_links":{"self":[{"href":"https:\/\/diechemiker.org\/index.php?rest_route=\/wp\/v2\/pages\/232","targetHints":{"allow":["GET"]}}],"collection":[{"href":"https:\/\/diechemiker.org\/index.php?rest_route=\/wp\/v2\/pages"}],"about":[{"href":"https:\/\/diechemiker.org\/index.php?rest_route=\/wp\/v2\/types\/page"}],"author":[{"embeddable":true,"href":"https:\/\/diechemiker.org\/index.php?rest_route=\/wp\/v2\/users\/1"}],"replies":[{"embeddable":true,"href":"https:\/\/diechemiker.org\/index.php?rest_route=%2Fwp%2Fv2%2Fcomments&post=232"}],"version-history":[{"count":8,"href":"https:\/\/diechemiker.org\/index.php?rest_route=\/wp\/v2\/pages\/232\/revisions"}],"predecessor-version":[{"id":392,"href":"https:\/\/diechemiker.org\/index.php?rest_route=\/wp\/v2\/pages\/232\/revisions\/392"}],"wp:attachment":[{"href":"https:\/\/diechemiker.org\/index.php?rest_route=%2Fwp%2Fv2%2Fmedia&parent=232"}],"curies":[{"name":"wp","href":"https:\/\/api.w.org\/{rel}","templated":true}]}}